{"id":39,"date":"2023-05-30T15:01:54","date_gmt":"2023-05-30T13:01:54","guid":{"rendered":"https:\/\/www.ganshorenshootingclub.be\/?page_id=39"},"modified":"2023-08-04T10:03:20","modified_gmt":"2023-08-04T08:03:20","slug":"la-procedure-modele-4","status":"publish","type":"page","link":"https:\/\/www.ganshorenshootingclub.be\/index.php\/la-procedure-modele-4\/","title":{"rendered":"La proc\u00e9dure -mod\u00e8le 4-"},"content":{"rendered":"<style>.wp-block-kadence-advancedheading.kt-adv-heading_5f04a9-bc, .wp-block-kadence-advancedheading.kt-adv-heading_5f04a9-bc[data-kb-block=\"kb-adv-heading_5f04a9-bc\"]{text-align:center;font-size:var(--global-kb-font-size-xl, 3rem);font-style:normal;}.wp-block-kadence-advancedheading.kt-adv-heading_5f04a9-bc mark.kt-highlight, .wp-block-kadence-advancedheading.kt-adv-heading_5f04a9-bc[data-kb-block=\"kb-adv-heading_5f04a9-bc\"] mark.kt-highlight{font-style:normal;color:#f76a0c;-webkit-box-decoration-break:clone;box-decoration-break:clone;padding-top:0px;padding-right:0px;padding-bottom:0px;padding-left:0px;}<\/style>\n<h1 class=\"kt-adv-heading_5f04a9-bc wp-block-kadence-advancedheading\" data-kb-block=\"kb-adv-heading_5f04a9-bc\">La proc\u00e9dure &lsquo;Mod\u00e8le 4&rsquo;<\/h1>\n\n\n<style>.kb-row-layout-id_4eb6e6-39 > .kt-row-column-wrap{align-content:center;}:where(.kb-row-layout-id_4eb6e6-39 > .kt-row-column-wrap) > .wp-block-kadence-column{justify-content:center;}.kb-row-layout-id_4eb6e6-39 > .kt-row-column-wrap{column-gap:var(--global-kb-gap-lg, 4rem);row-gap:var(--global-kb-gap-md, 2rem);max-width:var( --global-content-width, 1290px );padding-left:var(--global-content-edge-padding);padding-right:var(--global-content-edge-padding);padding-top:var(--global-kb-spacing-xxl, 5rem);padding-bottom:var(--global-kb-spacing-3xl, 6.5rem);grid-template-columns:minmax(0, 1fr) minmax(0, 2fr);}.kb-row-layout-id_4eb6e6-39 > .kt-row-layout-overlay{opacity:0.30;}@media all and (max-width: 1024px){.kb-row-layout-id_4eb6e6-39 > .kt-row-column-wrap{column-gap:var(--global-kb-gap-md, 2rem);padding-top:var(--global-kb-spacing-lg, 3rem);padding-right:var(--global-kb-spacing-lg, 3rem);padding-bottom:var(--global-kb-spacing-lg, 3rem);padding-left:var(--global-kb-spacing-lg, 3rem);grid-template-columns:minmax(0, 1fr);}}@media all and (max-width: 767px){.kb-row-layout-id_4eb6e6-39 > .kt-row-column-wrap{grid-template-columns:minmax(0, 1fr);}}<\/style><div class=\"kb-row-layout-wrap kb-row-layout-id_4eb6e6-39 alignfull has-theme-palette9-background-color kt-row-has-bg wp-block-kadence-rowlayout\"><div class=\"kt-row-column-wrap kt-has-2-columns kt-row-layout-right-golden kt-tab-layout-row kt-mobile-layout-row kt-row-valign-middle kb-theme-content-width\">\n<style>.kadence-column_9d4315-f0 > .kt-inside-inner-col{display:flex;}.kadence-column_9d4315-f0 > .kt-inside-inner-col{padding-top:var(--global-kb-spacing-xxs, 0.5rem);padding-right:var(--global-kb-spacing-xxs, 0.5rem);padding-bottom:var(--global-kb-spacing-xxs, 0.5rem);padding-left:var(--global-kb-spacing-xxs, 0.5rem);}.kadence-column_9d4315-f0 > .kt-inside-inner-col{border-top:1px solid var(--global-palette6, #718096);border-right:1px solid var(--global-palette6, #718096);border-bottom:1px solid var(--global-palette6, #718096);border-left:1px solid var(--global-palette6, #718096);}.kadence-column_9d4315-f0 > .kt-inside-inner-col,.kadence-column_9d4315-f0 > .kt-inside-inner-col:before{border-top-left-radius:0px;border-top-right-radius:0px;border-bottom-right-radius:0px;border-bottom-left-radius:0px;}.kadence-column_9d4315-f0 > .kt-inside-inner-col{column-gap:var(--global-kb-gap-sm, 1rem);}.kadence-column_9d4315-f0 > .kt-inside-inner-col{flex-direction:column;justify-content:center;}.kadence-column_9d4315-f0 > .kt-inside-inner-col > .aligncenter{width:100%;}.kt-row-column-wrap > .kadence-column_9d4315-f0{align-self:center;}.kt-inner-column-height-full:not(.kt-has-1-columns) > .wp-block-kadence-column.kadence-column_9d4315-f0{align-self:auto;}.kt-inner-column-height-full:not(.kt-has-1-columns) > .wp-block-kadence-column.kadence-column_9d4315-f0 > .kt-inside-inner-col{flex-direction:column;justify-content:center;}.kadence-column_9d4315-f0 > .kt-inside-inner-col{background-color:var(--global-palette7, #EDF2F7);}.kadence-column_9d4315-f0 > .kt-inside-inner-col:before{opacity:0.3;}.kadence-column_9d4315-f0{text-align:left;}.kadence-column_9d4315-f0{position:relative;}@media all and (max-width: 1024px){.kadence-column_9d4315-f0 > .kt-inside-inner-col{border-top:1px solid var(--global-palette6, #718096);border-right:1px solid var(--global-palette6, #718096);border-bottom:1px solid var(--global-palette6, #718096);border-left:1px solid var(--global-palette6, #718096);flex-direction:column;justify-content:center;}}@media all and (max-width: 1024px){.kt-row-column-wrap > .kadence-column_9d4315-f0{align-self:center;}}@media all and (max-width: 1024px){.kt-inner-column-height-full:not(.kt-has-1-columns) > .wp-block-kadence-column.kadence-column_9d4315-f0{align-self:auto;}}@media all and (max-width: 1024px){.kt-inner-column-height-full:not(.kt-has-1-columns) > .wp-block-kadence-column.kadence-column_9d4315-f0 > .kt-inside-inner-col{flex-direction:column;justify-content:center;}}@media all and (max-width: 767px){.kadence-column_9d4315-f0 > .kt-inside-inner-col{border-top:1px solid var(--global-palette6, #718096);border-right:1px solid var(--global-palette6, #718096);border-bottom:1px solid var(--global-palette6, #718096);border-left:1px solid var(--global-palette6, #718096);flex-direction:column;justify-content:center;}.kt-row-column-wrap > .kadence-column_9d4315-f0{align-self:center;}.kt-inner-column-height-full:not(.kt-has-1-columns) > .wp-block-kadence-column.kadence-column_9d4315-f0{align-self:auto;}.kt-inner-column-height-full:not(.kt-has-1-columns) > .wp-block-kadence-column.kadence-column_9d4315-f0 > .kt-inside-inner-col{flex-direction:column;justify-content:center;}}<\/style>\n<div class=\"wp-block-kadence-column kadence-column_9d4315-f0 kb-section-dir-vertical inner-column-1\"><div class=\"kt-inside-inner-col\"><style>.wp-block-kadence-advancedheading.kt-adv-heading_dc459d-29, .wp-block-kadence-advancedheading.kt-adv-heading_dc459d-29[data-kb-block=\"kb-adv-heading_dc459d-29\"]{font-size:var(--global-kb-font-size-lg, 2rem);font-style:normal;}.wp-block-kadence-advancedheading.kt-adv-heading_dc459d-29 mark.kt-highlight, .wp-block-kadence-advancedheading.kt-adv-heading_dc459d-29[data-kb-block=\"kb-adv-heading_dc459d-29\"] mark.kt-highlight{font-style:normal;color:#f76a0c;-webkit-box-decoration-break:clone;box-decoration-break:clone;padding-top:0px;padding-right:0px;padding-bottom:0px;padding-left:0px;}<\/style>\n<h1 class=\"kt-adv-heading_dc459d-29 wp-block-kadence-advancedheading has-theme-palette-3-color has-text-color\" data-kb-block=\"kb-adv-heading_dc459d-29\">La proc\u00e9dure de d\u00e9tention en 7 points<\/h1>\n\n\n\n<p class=\"has-text-align-justify has--font-size\">Pour d\u00e9tenir une arme en Belgique, vous devez pouvoir justifier d&rsquo;un \u00ab\u00a0motif l\u00e9gitime\u00a0\u00bb. Le \u00ab\u00a0tir r\u00e9cr\u00e9atif\u00a0\u00bb en est un, et sa proc\u00e9dure (mod\u00e8le 4) vous est d\u00e9crite ici de mani\u00e8re simplifi\u00e9e.<\/p>\n\n\n<style>.wp-block-kadence-advancedbtn.kb-btns_c0645c-a8{gap:var(--global-kb-gap-xs, 0.5rem );justify-content:flex-start;align-items:center;}.kt-btns_c0645c-a8 .kt-button{font-weight:normal;font-style:normal;}.kt-btns_c0645c-a8 .kt-btn-wrap-0{margin-right:5px;}.wp-block-kadence-advancedbtn.kt-btns_c0645c-a8 .kt-btn-wrap-0 .kt-button{color:#555555;border-color:#555555;}.wp-block-kadence-advancedbtn.kt-btns_c0645c-a8 .kt-btn-wrap-0 .kt-button:hover, .wp-block-kadence-advancedbtn.kt-btns_c0645c-a8 .kt-btn-wrap-0 .kt-button:focus{color:#ffffff;border-color:#444444;}.wp-block-kadence-advancedbtn.kt-btns_c0645c-a8 .kt-btn-wrap-0 .kt-button::before{display:none;}.wp-block-kadence-advancedbtn.kt-btns_c0645c-a8 .kt-btn-wrap-0 .kt-button:hover, .wp-block-kadence-advancedbtn.kt-btns_c0645c-a8 .kt-btn-wrap-0 .kt-button:focus{background:#444444;}<\/style>\n<div class=\"wp-block-kadence-advancedbtn kb-buttons-wrap kb-btns_c0645c-a8\"><style>ul.menu .wp-block-kadence-advancedbtn .kb-btn_b1364a-9d.kb-button{width:initial;}<\/style><a class=\"kb-button kt-button button kb-btn_b1364a-9d kt-btn-size-standard kt-btn-width-type-auto kb-btn-global-fill  kt-btn-has-text-true kt-btn-has-svg-false  wp-block-kadence-singlebtn\" href=\"https:\/\/www.ganshorenshootingclub.be\/index.php\/lexamen-theorique\/\"><span class=\"kt-btn-inner-text\">Examen th\u00e9orique<\/span><\/a><\/div>\n\n\n<style>.wp-block-kadence-advancedbtn.kb-btns_ca6c3f-b5{gap:var(--global-kb-gap-xs, 0.5rem );justify-content:flex-start;align-items:center;}.kt-btns_ca6c3f-b5 .kt-button{font-weight:normal;font-style:normal;}.kt-btns_ca6c3f-b5 .kt-btn-wrap-0{margin-right:5px;}.wp-block-kadence-advancedbtn.kt-btns_ca6c3f-b5 .kt-btn-wrap-0 .kt-button{color:#555555;border-color:#555555;}.wp-block-kadence-advancedbtn.kt-btns_ca6c3f-b5 .kt-btn-wrap-0 .kt-button:hover, .wp-block-kadence-advancedbtn.kt-btns_ca6c3f-b5 .kt-btn-wrap-0 .kt-button:focus{color:#ffffff;border-color:#444444;}.wp-block-kadence-advancedbtn.kt-btns_ca6c3f-b5 .kt-btn-wrap-0 .kt-button::before{display:none;}.wp-block-kadence-advancedbtn.kt-btns_ca6c3f-b5 .kt-btn-wrap-0 .kt-button:hover, .wp-block-kadence-advancedbtn.kt-btns_ca6c3f-b5 .kt-btn-wrap-0 .kt-button:focus{background:#444444;}<\/style>\n<div class=\"wp-block-kadence-advancedbtn kb-buttons-wrap kb-btns_ca6c3f-b5\"><style>ul.menu .wp-block-kadence-advancedbtn .kb-btn_57b469-be.kb-button{width:initial;}<\/style><a class=\"kb-button kt-button button kb-btn_57b469-be kt-btn-size-standard kt-btn-width-type-auto kb-btn-global-fill  kt-btn-has-text-true kt-btn-has-svg-false  wp-block-kadence-singlebtn\" href=\"https:\/\/www.ganshorenshootingclub.be\/index.php\/le-stage-pratique\/\"><span class=\"kt-btn-inner-text\">Entrainement au GSC<\/span><\/a><\/div>\n\n\n<style>.wp-block-kadence-advancedbtn.kb-btns_de91ff-05{gap:var(--global-kb-gap-xs, 0.5rem );justify-content:flex-start;align-items:center;}.kt-btns_de91ff-05 .kt-button{font-weight:normal;font-style:normal;}.kt-btns_de91ff-05 .kt-btn-wrap-0{margin-right:5px;}.wp-block-kadence-advancedbtn.kt-btns_de91ff-05 .kt-btn-wrap-0 .kt-button{color:#555555;border-color:#555555;}.wp-block-kadence-advancedbtn.kt-btns_de91ff-05 .kt-btn-wrap-0 .kt-button:hover, .wp-block-kadence-advancedbtn.kt-btns_de91ff-05 .kt-btn-wrap-0 .kt-button:focus{color:#ffffff;border-color:#444444;}.wp-block-kadence-advancedbtn.kt-btns_de91ff-05 .kt-btn-wrap-0 .kt-button::before{display:none;}.wp-block-kadence-advancedbtn.kt-btns_de91ff-05 .kt-btn-wrap-0 .kt-button:hover, .wp-block-kadence-advancedbtn.kt-btns_de91ff-05 .kt-btn-wrap-0 .kt-button:focus{background:#444444;}<\/style>\n<div class=\"wp-block-kadence-advancedbtn kb-buttons-wrap kb-btns_de91ff-05\"><style>ul.menu .wp-block-kadence-advancedbtn .kb-btn_6654c4-f7.kb-button{width:initial;}<\/style><a class=\"kb-button kt-button button kb-btn_6654c4-f7 kt-btn-size-standard kt-btn-width-type-auto kb-btn-global-fill  kt-btn-has-text-true kt-btn-has-svg-false  wp-block-kadence-singlebtn\" href=\"https:\/\/www.ganshorenshootingclub.be\/index.php\/lexamen-pratique\/\"><span class=\"kt-btn-inner-text\">Examen pratique<\/span><\/a><\/div>\n<\/div><\/div>\n\n\n<style>.kadence-column_2ecc8d-54 > .kt-inside-inner-col,.kadence-column_2ecc8d-54 > .kt-inside-inner-col:before{border-top-left-radius:0px;border-top-right-radius:0px;border-bottom-right-radius:0px;border-bottom-left-radius:0px;}.kadence-column_2ecc8d-54 > .kt-inside-inner-col{column-gap:var(--global-kb-gap-sm, 1rem);}.kadence-column_2ecc8d-54 > .kt-inside-inner-col{flex-direction:column;}.kadence-column_2ecc8d-54 > .kt-inside-inner-col > .aligncenter{width:100%;}.kadence-column_2ecc8d-54 > .kt-inside-inner-col{background-color:var(--global-palette7, #EDF2F7);}.kadence-column_2ecc8d-54 > .kt-inside-inner-col:before{opacity:0.3;}.kadence-column_2ecc8d-54{text-align:left;}.kadence-column_2ecc8d-54{position:relative;}@media all and (max-width: 1024px){.kadence-column_2ecc8d-54 > .kt-inside-inner-col{flex-direction:column;justify-content:center;}}@media all and (max-width: 767px){.kadence-column_2ecc8d-54 > .kt-inside-inner-col{flex-direction:column;justify-content:center;}}<\/style>\n<div class=\"wp-block-kadence-column kadence-column_2ecc8d-54 kb-section-dir-vertical inner-column-2\"><div class=\"kt-inside-inner-col\"><style>.kb-image_0f2475-a4.kb-image-is-ratio-size, .kb-image_0f2475-a4 .kb-image-is-ratio-size{max-width:740px;width:100%;}.wp-block-kadence-column > .kt-inside-inner-col > .kb-image_0f2475-a4.kb-image-is-ratio-size, .wp-block-kadence-column > .kt-inside-inner-col > .kb-image_0f2475-a4 .kb-image-is-ratio-size{align-self:unset;}.kb-image_0f2475-a4{max-width:740px;}.image-is-svg.kb-image_0f2475-a4{-webkit-flex:0 1 100%;flex:0 1 100%;}.image-is-svg.kb-image_0f2475-a4 img{width:100%;}.kb-image_0f2475-a4 .kb-image-has-overlay:after{opacity:0.3;}<\/style>\n<figure class=\"wp-block-kadence-image kb-image_0f2475-a4\"><img loading=\"lazy\" decoding=\"async\" width=\"1197\" height=\"735\" src=\"https:\/\/www.ganshorenshootingclub.be\/wp-content\/uploads\/2023\/06\/Capture-decran.png\" alt=\"\" class=\"kb-img wp-image-277\" srcset=\"https:\/\/www.ganshorenshootingclub.be\/wp-content\/uploads\/2023\/06\/Capture-decran.png 1197w, https:\/\/www.ganshorenshootingclub.be\/wp-content\/uploads\/2023\/06\/Capture-decran-300x184.png 300w, https:\/\/www.ganshorenshootingclub.be\/wp-content\/uploads\/2023\/06\/Capture-decran-1024x629.png 1024w, https:\/\/www.ganshorenshootingclub.be\/wp-content\/uploads\/2023\/06\/Capture-decran-768x472.png 768w\" sizes=\"auto, (max-width: 1197px) 100vw, 1197px\" \/><\/figure>\n<\/div><\/div>\n\n\n<style>.kadence-column_6039fc-26 > .kt-inside-inner-col,.kadence-column_6039fc-26 > .kt-inside-inner-col:before{border-top-left-radius:0px;border-top-right-radius:0px;border-bottom-right-radius:0px;border-bottom-left-radius:0px;}.kadence-column_6039fc-26 > .kt-inside-inner-col{column-gap:var(--global-kb-gap-sm, 1rem);}.kadence-column_6039fc-26 > .kt-inside-inner-col{flex-direction:column;}.kadence-column_6039fc-26 > .kt-inside-inner-col > .aligncenter{width:100%;}.kadence-column_6039fc-26 > .kt-inside-inner-col:before{opacity:0.3;}.kadence-column_6039fc-26{position:relative;}@media all and (max-width: 1024px){.kadence-column_6039fc-26 > .kt-inside-inner-col{flex-direction:column;justify-content:center;}}@media all and (max-width: 767px){.kadence-column_6039fc-26 > .kt-inside-inner-col{flex-direction:column;justify-content:center;}}<\/style>\n<div class=\"wp-block-kadence-column kadence-column_6039fc-26\"><div class=\"kt-inside-inner-col\"><\/div><\/div>\n\n<\/div><\/div>\n\n<style>.wp-block-kadence-advancedheading.kt-adv-heading_e8501f-4e, .wp-block-kadence-advancedheading.kt-adv-heading_e8501f-4e[data-kb-block=\"kb-adv-heading_e8501f-4e\"]{font-size:5px;font-style:normal;}.wp-block-kadence-advancedheading.kt-adv-heading_e8501f-4e mark.kt-highlight, .wp-block-kadence-advancedheading.kt-adv-heading_e8501f-4e[data-kb-block=\"kb-adv-heading_e8501f-4e\"] mark.kt-highlight{font-style:normal;color:#f76a0c;-webkit-box-decoration-break:clone;box-decoration-break:clone;padding-top:0px;padding-right:0px;padding-bottom:0px;padding-left:0px;}<\/style>\n<h2 class=\"kt-adv-heading_e8501f-4e wp-block-kadence-advancedheading has-theme-palette-9-color has-text-color\" data-kb-block=\"kb-adv-heading_e8501f-4e\"><strong>club de tir Bruxelles, stand de tir Bruxelles, tir sportif, tir r\u00e9cr\u00e9atif, pistolet, revolver, arme \u00e0 feu, club de tir Bruxelles, stand de tir Bruxelles, tir sportif, tir r\u00e9cr\u00e9atif, pistolet, revolver, arme \u00e0 feu, club de tir Bruxelles, stand de tir Bruxelles, tir sportif, tir r\u00e9cr\u00e9atif, pistolet, revolver, arme \u00e0 feu, club de tir Bruxelles, stand de tir Bruxelles, tir sportif, tir r\u00e9cr\u00e9atif, pistolet, revolver, arme \u00e0 feu, club de tir Bruxelles, stand de tir Bruxelles, tir sportif, tir r\u00e9cr\u00e9atif, pistolet, revolver, arme \u00e0 feu<\/strong><\/h2>\n","protected":false},"excerpt":{"rendered":"<p>La proc\u00e9dure &lsquo;Mod\u00e8le 4&rsquo; La proc\u00e9dure de d\u00e9tention en 7 points Pour d\u00e9tenir une arme en Belgique, vous devez pouvoir justifier d&rsquo;un \u00ab\u00a0motif l\u00e9gitime\u00a0\u00bb. Le \u00ab\u00a0tir r\u00e9cr\u00e9atif\u00a0\u00bb en est un, et sa proc\u00e9dure (mod\u00e8le 4) vous est d\u00e9crite ici de mani\u00e8re simplifi\u00e9e. club de tir Bruxelles, stand de tir Bruxelles, tir sportif, tir r\u00e9cr\u00e9atif, pistolet,&#8230;<\/p>\n","protected":false},"author":1,"featured_media":0,"parent":0,"menu_order":0,"comment_status":"closed","ping_status":"closed","template":"","meta":{"_editorskit_title_hidden":false,"_editorskit_reading_time":0,"_editorskit_is_block_options_detached":false,"_editorskit_block_options_position":"{}","_kad_post_transparent":"","_kad_post_title":"","_kad_post_layout":"","_kad_post_sidebar_id":"","_kad_post_content_style":"","_kad_post_vertical_padding":"","_kad_post_feature":"","_kad_post_feature_position":"","_kad_post_header":false,"_kad_post_footer":false,"footnotes":""},"class_list":["post-39","page","type-page","status-publish","hentry"],"_links":{"self":[{"href":"https:\/\/www.ganshorenshootingclub.be\/index.php\/wp-json\/wp\/v2\/pages\/39","targetHints":{"allow":["GET"]}}],"collection":[{"href":"https:\/\/www.ganshorenshootingclub.be\/index.php\/wp-json\/wp\/v2\/pages"}],"about":[{"href":"https:\/\/www.ganshorenshootingclub.be\/index.php\/wp-json\/wp\/v2\/types\/page"}],"author":[{"embeddable":true,"href":"https:\/\/www.ganshorenshootingclub.be\/index.php\/wp-json\/wp\/v2\/users\/1"}],"replies":[{"embeddable":true,"href":"https:\/\/www.ganshorenshootingclub.be\/index.php\/wp-json\/wp\/v2\/comments?post=39"}],"version-history":[{"count":15,"href":"https:\/\/www.ganshorenshootingclub.be\/index.php\/wp-json\/wp\/v2\/pages\/39\/revisions"}],"predecessor-version":[{"id":561,"href":"https:\/\/www.ganshorenshootingclub.be\/index.php\/wp-json\/wp\/v2\/pages\/39\/revisions\/561"}],"wp:attachment":[{"href":"https:\/\/www.ganshorenshootingclub.be\/index.php\/wp-json\/wp\/v2\/media?parent=39"}],"curies":[{"name":"wp","href":"https:\/\/api.w.org\/{rel}","templated":true}]}}