{"id":29,"date":"2023-05-30T14:56:58","date_gmt":"2023-05-30T12:56:58","guid":{"rendered":"https:\/\/www.ganshorenshootingclub.be\/?page_id=29"},"modified":"2023-12-21T19:37:10","modified_gmt":"2023-12-21T18:37:10","slug":"devenir-membre","status":"publish","type":"page","link":"https:\/\/www.ganshorenshootingclub.be\/index.php\/devenir-membre\/","title":{"rendered":"Devenir membre"},"content":{"rendered":"<style>.wp-block-kadence-advancedheading.kt-adv-heading_242c80-6e, .wp-block-kadence-advancedheading.kt-adv-heading_242c80-6e[data-kb-block=\"kb-adv-heading_242c80-6e\"]{text-align:center;font-size:48px;font-style:normal;}.wp-block-kadence-advancedheading.kt-adv-heading_242c80-6e mark.kt-highlight, .wp-block-kadence-advancedheading.kt-adv-heading_242c80-6e[data-kb-block=\"kb-adv-heading_242c80-6e\"] mark.kt-highlight{font-style:normal;color:#f76a0c;-webkit-box-decoration-break:clone;box-decoration-break:clone;padding-top:0px;padding-right:0px;padding-bottom:0px;padding-left:0px;}<\/style>\n<h2 class=\"kt-adv-heading_242c80-6e wp-block-kadence-advancedheading\" data-kb-block=\"kb-adv-heading_242c80-6e\">Devenir membre <\/h2>\n\n\n<style>.kb-row-layout-id_f6868f-1a > .kt-row-column-wrap{align-content:start;}:where(.kb-row-layout-id_f6868f-1a > .kt-row-column-wrap) > .wp-block-kadence-column{justify-content:start;}.kb-row-layout-id_f6868f-1a > .kt-row-column-wrap{column-gap:var(--global-kb-gap-none, 0rem );row-gap:var(--global-kb-gap-md, 2rem);max-width:600px;margin-left:auto;margin-right:auto;padding-top:var(--global-kb-spacing-md, 2rem);padding-bottom:var(--global-kb-spacing-lg, 3rem);}.kb-row-layout-id_f6868f-1a > .kt-row-column-wrap > div:not(.added-for-specificity){grid-column:initial;}.kb-row-layout-id_f6868f-1a > .kt-row-column-wrap{grid-template-columns:repeat(3, minmax(0, 1fr));}.kb-row-layout-id_f6868f-1a > .kt-row-layout-overlay{opacity:0.30;}@media all and (max-width: 1024px){.kb-row-layout-id_f6868f-1a > .kt-row-column-wrap{row-gap:var(--global-kb-gap-sm, 1rem);grid-template-columns:repeat(3, minmax(0, 1fr));}}@media all and (max-width: 1024px){.kb-row-layout-id_f6868f-1a > .kt-row-column-wrap > div:not(.added-for-specificity){grid-column:initial;}}@media all and (max-width: 767px){.kb-row-layout-id_f6868f-1a > .kt-row-column-wrap{row-gap:var(--global-kb-gap-sm, 1rem);grid-template-columns:minmax(0, 1fr);}.kb-row-layout-id_f6868f-1a > .kt-row-column-wrap > div:not(.added-for-specificity){grid-column:initial;}}<\/style><div class=\"kb-row-layout-wrap kb-row-layout-id_f6868f-1a alignfull has-theme-palette9-background-color kt-row-has-bg wp-block-kadence-rowlayout\"><div class=\"kt-row-column-wrap kt-has-3-columns kt-row-layout-equal kt-tab-layout-inherit kt-mobile-layout-row kt-row-valign-top\">\n<style>.kadence-column_79ccb3-1f > .kt-inside-inner-col,.kadence-column_79ccb3-1f > .kt-inside-inner-col:before{border-top-left-radius:0px;border-top-right-radius:0px;border-bottom-right-radius:0px;border-bottom-left-radius:0px;}.kadence-column_79ccb3-1f > .kt-inside-inner-col{column-gap:var(--global-kb-gap-sm, 1rem);}.kadence-column_79ccb3-1f > .kt-inside-inner-col{flex-direction:column;}.kadence-column_79ccb3-1f > .kt-inside-inner-col > .aligncenter{width:100%;}.kadence-column_79ccb3-1f > .kt-inside-inner-col:before{opacity:0.3;}.kadence-column_79ccb3-1f{position:relative;}@media all and (max-width: 1024px){.kadence-column_79ccb3-1f > .kt-inside-inner-col{flex-direction:column;justify-content:center;}}@media all and (max-width: 767px){.kadence-column_79ccb3-1f > .kt-inside-inner-col{flex-direction:column;justify-content:center;}}<\/style>\n<div class=\"wp-block-kadence-column kadence-column_79ccb3-1f inner-column-1\"><div class=\"kt-inside-inner-col\">\n<p class=\"has-text-align-justify\">La cotisation au club s&rsquo;\u00e9l\u00e8ve \u00e0 160\u20ac par an. La formation pratique (\u00ab\u00a0stage\u00a0\u00bb) co\u00fbte quant \u00e0 elle 30\u20ac et dure environ 5 s\u00e9ances (en fonction des progr\u00e8s et de la vitesse d&rsquo;apprentissage du candidat). Le club est ouvert 6 jours par semaine.<\/p>\n\n\n\n<p class=\"has-text-align-justify has--font-size\">Vous avez des questions ou vous souhaitez adh\u00e9rer au Ganshoren Shooting Club ?   Contactez-nous ! <\/p>\n\n\n\n<p><\/p>\n<\/div><\/div>\n\n\n<style>.kadence-column_b5a211-fc > .kt-inside-inner-col,.kadence-column_b5a211-fc > .kt-inside-inner-col:before{border-top-left-radius:0px;border-top-right-radius:0px;border-bottom-right-radius:0px;border-bottom-left-radius:0px;}.kadence-column_b5a211-fc > .kt-inside-inner-col{column-gap:var(--global-kb-gap-sm, 1rem);}.kadence-column_b5a211-fc > .kt-inside-inner-col{flex-direction:column;}.kadence-column_b5a211-fc > .kt-inside-inner-col > .aligncenter{width:100%;}.kadence-column_b5a211-fc > .kt-inside-inner-col:before{opacity:0.3;}.kadence-column_b5a211-fc{position:relative;}@media all and (max-width: 1024px){.kadence-column_b5a211-fc > .kt-inside-inner-col{flex-direction:column;justify-content:center;}}@media all and (max-width: 767px){.kadence-column_b5a211-fc > .kt-inside-inner-col{flex-direction:column;justify-content:center;}}<\/style>\n<div class=\"wp-block-kadence-column kadence-column_b5a211-fc\"><div class=\"kt-inside-inner-col\"><\/div><\/div>\n\n\n<style>.kadence-column_49ae0c-e5 > .kt-inside-inner-col,.kadence-column_49ae0c-e5 > .kt-inside-inner-col:before{border-top-left-radius:0px;border-top-right-radius:0px;border-bottom-right-radius:0px;border-bottom-left-radius:0px;}.kadence-column_49ae0c-e5 > .kt-inside-inner-col{column-gap:var(--global-kb-gap-sm, 1rem);}.kadence-column_49ae0c-e5 > .kt-inside-inner-col{flex-direction:column;}.kadence-column_49ae0c-e5 > .kt-inside-inner-col > .aligncenter{width:100%;}.kadence-column_49ae0c-e5 > .kt-inside-inner-col:before{opacity:0.3;}.kadence-column_49ae0c-e5{position:relative;}@media all and (max-width: 1024px){.kadence-column_49ae0c-e5 > .kt-inside-inner-col{flex-direction:column;justify-content:center;}}@media all and (max-width: 767px){.kadence-column_49ae0c-e5 > .kt-inside-inner-col{flex-direction:column;justify-content:center;}}<\/style>\n<div class=\"wp-block-kadence-column kadence-column_49ae0c-e5\"><div class=\"kt-inside-inner-col\">\n<div class=\"wp-block-file\"><a id=\"wp-block-file--media-bc3d62ac-1d65-4bad-8900-ace24dea79ed\" href=\"https:\/\/www.ganshorenshootingclub.be\/wp-content\/uploads\/2023\/12\/admission-rectoverso.docx\">admission rectoverso<\/a><a href=\"https:\/\/www.ganshorenshootingclub.be\/wp-content\/uploads\/2023\/12\/admission-rectoverso.docx\" class=\"wp-block-file__button wp-element-button\" download aria-describedby=\"wp-block-file--media-bc3d62ac-1d65-4bad-8900-ace24dea79ed\">T\u00e9l\u00e9charger<\/a><\/div>\n<\/div><\/div>\n\n<\/div><\/div>\n\n<style>.wp-block-kadence-advancedheading.kt-adv-heading_b3818d-a5, .wp-block-kadence-advancedheading.kt-adv-heading_b3818d-a5[data-kb-block=\"kb-adv-heading_b3818d-a5\"]{font-size:5px;font-style:normal;}.wp-block-kadence-advancedheading.kt-adv-heading_b3818d-a5 mark.kt-highlight, .wp-block-kadence-advancedheading.kt-adv-heading_b3818d-a5[data-kb-block=\"kb-adv-heading_b3818d-a5\"] mark.kt-highlight{font-style:normal;color:#f76a0c;-webkit-box-decoration-break:clone;box-decoration-break:clone;padding-top:0px;padding-right:0px;padding-bottom:0px;padding-left:0px;}<\/style>\n<h2 class=\"kt-adv-heading_b3818d-a5 wp-block-kadence-advancedheading has-theme-palette-9-color has-text-color\" data-kb-block=\"kb-adv-heading_b3818d-a5\"><strong>club de tir Bruxelles, stand de tir Bruxelles, tir sportif, tir r\u00e9cr\u00e9atif, pistolet, revolver, arme \u00e0 feu, club de tir Bruxelles, stand de tir Bruxelles, tir sportif, tir r\u00e9cr\u00e9atif, pistolet, revolver, arme \u00e0 feu, club de tir Bruxelles, stand de tir Bruxelles, tir sportif, tir r\u00e9cr\u00e9atif, pistolet, revolver, arme \u00e0 feu, club de tir Bruxelles, stand de tir Bruxelles, tir sportif, tir r\u00e9cr\u00e9atif, pistolet, revolver, arme \u00e0 feu, club de tir Bruxelles, stand de tir Bruxelles, tir sportif, tir r\u00e9cr\u00e9atif, pistolet, revolver, arme \u00e0 feu<\/strong><\/h2>\n","protected":false},"excerpt":{"rendered":"<p>Devenir membre La cotisation au club s&rsquo;\u00e9l\u00e8ve \u00e0 160\u20ac par an. La formation pratique (\u00ab\u00a0stage\u00a0\u00bb) co\u00fbte quant \u00e0 elle 30\u20ac et dure environ 5 s\u00e9ances (en fonction des progr\u00e8s et de la vitesse d&rsquo;apprentissage du candidat). Le club est ouvert 6 jours par semaine. Vous avez des questions ou vous souhaitez adh\u00e9rer au Ganshoren Shooting&#8230;<\/p>\n","protected":false},"author":1,"featured_media":0,"parent":0,"menu_order":0,"comment_status":"closed","ping_status":"closed","template":"","meta":{"_editorskit_title_hidden":false,"_editorskit_reading_time":0,"_editorskit_is_block_options_detached":false,"_editorskit_block_options_position":"{}","_kad_post_transparent":"","_kad_post_title":"","_kad_post_layout":"","_kad_post_sidebar_id":"","_kad_post_content_style":"","_kad_post_vertical_padding":"","_kad_post_feature":"","_kad_post_feature_position":"","_kad_post_header":false,"_kad_post_footer":false,"footnotes":""},"class_list":["post-29","page","type-page","status-publish","hentry"],"_links":{"self":[{"href":"https:\/\/www.ganshorenshootingclub.be\/index.php\/wp-json\/wp\/v2\/pages\/29","targetHints":{"allow":["GET"]}}],"collection":[{"href":"https:\/\/www.ganshorenshootingclub.be\/index.php\/wp-json\/wp\/v2\/pages"}],"about":[{"href":"https:\/\/www.ganshorenshootingclub.be\/index.php\/wp-json\/wp\/v2\/types\/page"}],"author":[{"embeddable":true,"href":"https:\/\/www.ganshorenshootingclub.be\/index.php\/wp-json\/wp\/v2\/users\/1"}],"replies":[{"embeddable":true,"href":"https:\/\/www.ganshorenshootingclub.be\/index.php\/wp-json\/wp\/v2\/comments?post=29"}],"version-history":[{"count":21,"href":"https:\/\/www.ganshorenshootingclub.be\/index.php\/wp-json\/wp\/v2\/pages\/29\/revisions"}],"predecessor-version":[{"id":600,"href":"https:\/\/www.ganshorenshootingclub.be\/index.php\/wp-json\/wp\/v2\/pages\/29\/revisions\/600"}],"wp:attachment":[{"href":"https:\/\/www.ganshorenshootingclub.be\/index.php\/wp-json\/wp\/v2\/media?parent=29"}],"curies":[{"name":"wp","href":"https:\/\/api.w.org\/{rel}","templated":true}]}}