{"id":18,"date":"2023-05-30T14:51:24","date_gmt":"2023-05-30T12:51:24","guid":{"rendered":"https:\/\/www.ganshorenshootingclub.be\/?page_id=18"},"modified":"2026-01-02T10:02:07","modified_gmt":"2026-01-02T09:02:07","slug":"essayez-le-tir","status":"publish","type":"page","link":"https:\/\/www.ganshorenshootingclub.be\/index.php\/essayez-le-tir\/","title":{"rendered":"Tir d&rsquo;un jour"},"content":{"rendered":"<style>.wp-block-kadence-advancedheading.kt-adv-heading18_ee9407-5c, .wp-block-kadence-advancedheading.kt-adv-heading18_ee9407-5c[data-kb-block=\"kb-adv-heading18_ee9407-5c\"]{text-align:center;font-size:48px;font-style:normal;}.wp-block-kadence-advancedheading.kt-adv-heading18_ee9407-5c mark.kt-highlight, .wp-block-kadence-advancedheading.kt-adv-heading18_ee9407-5c[data-kb-block=\"kb-adv-heading18_ee9407-5c\"] mark.kt-highlight{font-style:normal;color:#f76a0c;-webkit-box-decoration-break:clone;box-decoration-break:clone;padding-top:0px;padding-right:0px;padding-bottom:0px;padding-left:0px;}<\/style>\n<h1 class=\"kt-adv-heading18_ee9407-5c wp-block-kadence-advancedheading\" data-kb-block=\"kb-adv-heading18_ee9407-5c\">Tir d&rsquo;un jour <\/h1>\n\n\n<style>.kb-row-layout-id18_212280-da > .kt-row-column-wrap{align-content:center;}:where(.kb-row-layout-id18_212280-da > .kt-row-column-wrap) > .wp-block-kadence-column{justify-content:center;}.kb-row-layout-id18_212280-da > .kt-row-column-wrap{column-gap:var(--global-kb-gap-lg, 4rem);row-gap:var(--global-kb-gap-md, 2rem);max-width:var( --global-content-width, 1290px );padding-left:var(--global-content-edge-padding);padding-right:var(--global-content-edge-padding);padding-top:var(--global-kb-spacing-xl, 4rem);padding-bottom:var(--global-kb-spacing-md, 2rem);grid-template-columns:repeat(2, minmax(0, 1fr));}.kb-row-layout-id18_212280-da > .kt-row-layout-overlay{opacity:0.30;}@media all and (max-width: 1024px){.kb-row-layout-id18_212280-da > .kt-row-column-wrap{column-gap:var(--global-kb-gap-md, 2rem);grid-template-columns:minmax(0, 1fr);}}@media all and (max-width: 767px){.kb-row-layout-id18_212280-da > .kt-row-column-wrap{grid-template-columns:minmax(0, 1fr);}}<\/style><div class=\"kb-row-layout-wrap kb-row-layout-id18_212280-da alignfull has-theme-palette9-background-color kt-row-has-bg wp-block-kadence-rowlayout\"><div class=\"kt-row-column-wrap kt-has-2-columns kt-row-layout-equal kt-tab-layout-row kt-mobile-layout-row kt-row-valign-middle kb-theme-content-width\">\n<style>.kadence-column18_44b68b-e5 > .kt-inside-inner-col{display:flex;}.kadence-column18_44b68b-e5 > .kt-inside-inner-col{padding-top:var(--global-kb-spacing-xxs, 0.5rem);padding-right:var(--global-kb-spacing-xs, 1rem);padding-bottom:var(--global-kb-spacing-xs, 1rem);padding-left:var(--global-kb-spacing-xs, 1rem);}.kadence-column18_44b68b-e5 > .kt-inside-inner-col{border-top:1px solid var(--global-palette6, #718096);border-right:1px solid var(--global-palette6, #718096);border-bottom:1px solid var(--global-palette6, #718096);border-left:1px solid var(--global-palette6, #718096);}.kadence-column18_44b68b-e5 > .kt-inside-inner-col,.kadence-column18_44b68b-e5 > .kt-inside-inner-col:before{border-bottom-right-radius:0px;border-bottom-left-radius:0px;}.kadence-column18_44b68b-e5 > .kt-inside-inner-col{column-gap:var(--global-kb-gap-sm, 1rem);}.kadence-column18_44b68b-e5 > .kt-inside-inner-col{flex-direction:column;justify-content:flex-start;}.kadence-column18_44b68b-e5 > .kt-inside-inner-col > .aligncenter{width:100%;}.kt-row-column-wrap > .kadence-column18_44b68b-e5{align-self:flex-start;}.kt-inner-column-height-full:not(.kt-has-1-columns) > .wp-block-kadence-column.kadence-column18_44b68b-e5{align-self:auto;}.kt-inner-column-height-full:not(.kt-has-1-columns) > .wp-block-kadence-column.kadence-column18_44b68b-e5 > .kt-inside-inner-col{flex-direction:column;justify-content:flex-start;}.kadence-column18_44b68b-e5 > .kt-inside-inner-col{background-color:var(--global-palette7, #EDF2F7);}.kadence-column18_44b68b-e5 > .kt-inside-inner-col:before{opacity:0.3;}.kadence-column18_44b68b-e5{text-align:left;}.kadence-column18_44b68b-e5{position:relative;}@media all and (max-width: 1024px){.kadence-column18_44b68b-e5 > .kt-inside-inner-col{padding-top:0px;padding-bottom:var(--global-kb-spacing-lg, 3rem);border-top:1px solid var(--global-palette6, #718096);border-right:1px solid var(--global-palette6, #718096);border-bottom:1px solid var(--global-palette6, #718096);border-left:1px solid var(--global-palette6, #718096);flex-direction:column;justify-content:flex-start;}}@media all and (max-width: 1024px){.kt-row-column-wrap > .kadence-column18_44b68b-e5{align-self:flex-start;}}@media all and (max-width: 1024px){.kt-inner-column-height-full:not(.kt-has-1-columns) > .wp-block-kadence-column.kadence-column18_44b68b-e5{align-self:auto;}}@media all and (max-width: 1024px){.kt-inner-column-height-full:not(.kt-has-1-columns) > .wp-block-kadence-column.kadence-column18_44b68b-e5 > .kt-inside-inner-col{flex-direction:column;justify-content:flex-start;}}@media all and (max-width: 767px){.kadence-column18_44b68b-e5 > .kt-inside-inner-col{border-top:1px solid var(--global-palette6, #718096);border-right:1px solid var(--global-palette6, #718096);border-bottom:1px solid var(--global-palette6, #718096);border-left:1px solid var(--global-palette6, #718096);flex-direction:column;justify-content:flex-start;}.kt-row-column-wrap > .kadence-column18_44b68b-e5{align-self:flex-start;}.kt-inner-column-height-full:not(.kt-has-1-columns) > .wp-block-kadence-column.kadence-column18_44b68b-e5{align-self:auto;}.kt-inner-column-height-full:not(.kt-has-1-columns) > .wp-block-kadence-column.kadence-column18_44b68b-e5 > .kt-inside-inner-col{flex-direction:column;justify-content:flex-start;}}<\/style>\n<div class=\"wp-block-kadence-column kadence-column18_44b68b-e5 kb-section-dir-vertical inner-column-1\"><div class=\"kt-inside-inner-col\"><style>.wp-block-kadence-advancedheading.kt-adv-heading18_75bbce-1a, .wp-block-kadence-advancedheading.kt-adv-heading18_75bbce-1a[data-kb-block=\"kb-adv-heading18_75bbce-1a\"]{max-width:586px;font-size:var(--global-kb-font-size-lg, 2rem);font-style:normal;}.wp-block-kadence-advancedheading.kt-adv-heading18_75bbce-1a mark.kt-highlight, .wp-block-kadence-advancedheading.kt-adv-heading18_75bbce-1a[data-kb-block=\"kb-adv-heading18_75bbce-1a\"] mark.kt-highlight{font-style:normal;color:#f76a0c;-webkit-box-decoration-break:clone;box-decoration-break:clone;padding-top:0px;padding-right:0px;padding-bottom:0px;padding-left:0px;}<\/style>\n<h2 class=\"kt-adv-heading18_75bbce-1a wp-block-kadence-advancedheading has-theme-palette-3-color has-text-color\" data-kb-block=\"kb-adv-heading18_75bbce-1a\">Tir au Ganshoren Shooting Club<\/h2>\n\n\n\n<p class=\"has-text-align-justify has--font-size\">Vous n&rsquo;avez pas d&rsquo;autorisation de d\u00e9tention d&rsquo;arme mais vous souhaitez d\u00e9couvrir le tir ? Vous \u00eates int\u00e9ress\u00e9 par un mod\u00e8le 4  mais vous pr\u00e9f\u00e9rez essayer avant d&rsquo;entamer les \u00e9ventuelles d\u00e9marches ? Contactez-nous pour une <strong>initation au tir<\/strong> multicalibre.<\/p>\n\n\n\n<p class=\"has-text-align-justify\">La l\u00e9gislation permet aux personnes majeures qui n&rsquo;ont pas d&rsquo;autorisation de d\u00e9tention de suivre une initiation une fois tous les 12 mois. Pour cela, envoyez-nous un e-mail \u00e0 l&rsquo;adresse suivante : <a aria-label=\"contact@ganshorenshootingclub.be (opens in a new tab)\" href=\"mailto:contact@ganshorenshootingclub.be\" target=\"_blank\" rel=\"noreferrer noopener\" class=\"ek-link\">contact@ganshorenshootingclub.be<\/a>. Vous serez recontact\u00e9 dans les plus brefs d\u00e9lais.<\/p>\n\n\n\n<p class=\"has-text-align-justify\">L&rsquo;initiation dure entre 1h30 et 2h et vous serez <strong>encadr\u00e9 et conseill\u00e9<\/strong> par l&rsquo;un de nos moniteurs tout au long de la s\u00e9ance. Dans une volont\u00e9 de garantir l&rsquo;acc\u00e8s au tir au plus grand nombre, nous pratiquons volontairement un prix accessible compte tenu de : la privatisation du stand lors de votre s\u00e9ance, le pr\u00eat des armes et la mise \u00e0 disposition des munitions, la pr\u00e9sence d&rsquo;un moniteur de tir, etc. Notez toutefois que les calibres et le nombre de cartouches employ\u00e9s peuvent l\u00e9g\u00e8rement varier en fonction du moniteur qui vous encadrera. Si une arme est indisponible elle sera remplac\u00e9e par une autre. <\/p>\n<\/div><\/div>\n\n\n<style>.kadence-column18_eed06e-d1 > .kt-inside-inner-col{padding-top:0px;padding-bottom:0px;}.kadence-column18_eed06e-d1 > .kt-inside-inner-col,.kadence-column18_eed06e-d1 > .kt-inside-inner-col:before{border-top-left-radius:0px;border-top-right-radius:0px;border-bottom-right-radius:0px;border-bottom-left-radius:0px;}.kadence-column18_eed06e-d1 > .kt-inside-inner-col{column-gap:var(--global-kb-gap-sm, 1rem);}.kadence-column18_eed06e-d1 > .kt-inside-inner-col{flex-direction:column;}.kadence-column18_eed06e-d1 > .kt-inside-inner-col > .aligncenter{width:100%;}.kadence-column18_eed06e-d1 > .kt-inside-inner-col:before{opacity:0.3;}.kadence-column18_eed06e-d1{text-align:left;}.kadence-column18_eed06e-d1{position:relative;}@media all and (max-width: 1024px){.kadence-column18_eed06e-d1 > .kt-inside-inner-col{padding-top:0px;padding-bottom:0px;padding-left:0px;flex-direction:column;justify-content:center;}}@media all and (max-width: 767px){.kadence-column18_eed06e-d1 > .kt-inside-inner-col{flex-direction:column;justify-content:center;}}<\/style>\n<div class=\"wp-block-kadence-column kadence-column18_eed06e-d1 kb-section-dir-vertical inner-column-2\"><div class=\"kt-inside-inner-col\"><style>.kb-image18_55935f-2c .kb-image-has-overlay:after{opacity:0.3;}<\/style>\n<figure class=\"wp-block-kadence-image kb-image18_55935f-2c size-full\"><img loading=\"lazy\" decoding=\"async\" width=\"940\" height=\"788\" src=\"https:\/\/www.ganshorenshootingclub.be\/wp-content\/uploads\/2026\/01\/Tir1day.png\" alt=\"\" class=\"kb-img wp-image-604\" srcset=\"https:\/\/www.ganshorenshootingclub.be\/wp-content\/uploads\/2026\/01\/Tir1day.png 940w, https:\/\/www.ganshorenshootingclub.be\/wp-content\/uploads\/2026\/01\/Tir1day-300x251.png 300w, https:\/\/www.ganshorenshootingclub.be\/wp-content\/uploads\/2026\/01\/Tir1day-768x644.png 768w\" sizes=\"auto, (max-width: 940px) 100vw, 940px\" \/><\/figure>\n<\/div><\/div>\n\n<\/div><\/div>\n\n<style>.wp-block-kadence-advancedheading.kt-adv-heading18_4b40fd-66, .wp-block-kadence-advancedheading.kt-adv-heading18_4b40fd-66[data-kb-block=\"kb-adv-heading18_4b40fd-66\"]{font-size:5px;font-style:normal;}.wp-block-kadence-advancedheading.kt-adv-heading18_4b40fd-66 mark.kt-highlight, .wp-block-kadence-advancedheading.kt-adv-heading18_4b40fd-66[data-kb-block=\"kb-adv-heading18_4b40fd-66\"] mark.kt-highlight{font-style:normal;color:#f76a0c;-webkit-box-decoration-break:clone;box-decoration-break:clone;padding-top:0px;padding-right:0px;padding-bottom:0px;padding-left:0px;}<\/style>\n<h2 class=\"kt-adv-heading18_4b40fd-66 wp-block-kadence-advancedheading has-theme-palette-9-color has-text-color\" data-kb-block=\"kb-adv-heading18_4b40fd-66\"><strong>club de tir Bruxelles, stand de tir Bruxelles, tir sportif, tir r\u00e9cr\u00e9atif, pistolet, revolver, arme \u00e0 feu, club de tir Bruxelles, stand de tir Bruxelles, tir sportif, tir r\u00e9cr\u00e9atif, pistolet, revolver, arme \u00e0 feu, club de tir Bruxelles, stand de tir Bruxelles, tir sportif, tir r\u00e9cr\u00e9atif, pistolet, revolver, arme \u00e0 feu, club de tir Bruxelles, stand de tir Bruxelles, tir sportif, tir r\u00e9cr\u00e9atif, pistolet, revolver, arme \u00e0 feu, club de tir Bruxelles, stand de tir Bruxelles, tir sportif, tir r\u00e9cr\u00e9atif, pistolet, revolver, arme \u00e0 feu<\/strong><\/h2>\n","protected":false},"excerpt":{"rendered":"<p>Tir d&rsquo;un jour Tir au Ganshoren Shooting Club Vous n&rsquo;avez pas d&rsquo;autorisation de d\u00e9tention d&rsquo;arme mais vous souhaitez d\u00e9couvrir le tir ? Vous \u00eates int\u00e9ress\u00e9 par un mod\u00e8le 4 mais vous pr\u00e9f\u00e9rez essayer avant d&rsquo;entamer les \u00e9ventuelles d\u00e9marches ? Contactez-nous pour une initation au tir multicalibre. La l\u00e9gislation permet aux personnes majeures qui n&rsquo;ont pas&#8230;<\/p>\n","protected":false},"author":1,"featured_media":0,"parent":0,"menu_order":0,"comment_status":"closed","ping_status":"closed","template":"","meta":{"_editorskit_title_hidden":false,"_editorskit_reading_time":0,"_editorskit_is_block_options_detached":false,"_editorskit_block_options_position":"{}","_kad_post_transparent":"","_kad_post_title":"","_kad_post_layout":"","_kad_post_sidebar_id":"","_kad_post_content_style":"","_kad_post_vertical_padding":"","_kad_post_feature":"","_kad_post_feature_position":"","_kad_post_header":false,"_kad_post_footer":false,"footnotes":""},"class_list":["post-18","page","type-page","status-publish","hentry"],"_links":{"self":[{"href":"https:\/\/www.ganshorenshootingclub.be\/index.php\/wp-json\/wp\/v2\/pages\/18","targetHints":{"allow":["GET"]}}],"collection":[{"href":"https:\/\/www.ganshorenshootingclub.be\/index.php\/wp-json\/wp\/v2\/pages"}],"about":[{"href":"https:\/\/www.ganshorenshootingclub.be\/index.php\/wp-json\/wp\/v2\/types\/page"}],"author":[{"embeddable":true,"href":"https:\/\/www.ganshorenshootingclub.be\/index.php\/wp-json\/wp\/v2\/users\/1"}],"replies":[{"embeddable":true,"href":"https:\/\/www.ganshorenshootingclub.be\/index.php\/wp-json\/wp\/v2\/comments?post=18"}],"version-history":[{"count":18,"href":"https:\/\/www.ganshorenshootingclub.be\/index.php\/wp-json\/wp\/v2\/pages\/18\/revisions"}],"predecessor-version":[{"id":605,"href":"https:\/\/www.ganshorenshootingclub.be\/index.php\/wp-json\/wp\/v2\/pages\/18\/revisions\/605"}],"wp:attachment":[{"href":"https:\/\/www.ganshorenshootingclub.be\/index.php\/wp-json\/wp\/v2\/media?parent=18"}],"curies":[{"name":"wp","href":"https:\/\/api.w.org\/{rel}","templated":true}]}}